{"id":354,"date":"2019-03-06T20:15:11","date_gmt":"2019-03-06T20:15:11","guid":{"rendered":"https:\/\/www.ismllw-be.org\/?page_id=354"},"modified":"2025-03-24T07:51:45","modified_gmt":"2025-03-24T07:51:45","slug":"de-wetenschappelijk-comite","status":"publish","type":"page","link":"https:\/\/www.ismllw-be.org\/nl\/de-wetenschappelijk-comite\/","title":{"rendered":"Het Wetenschappelijk Comit\u00e9"},"content":{"rendered":"\n<p>Alfons VANHEUSDEN, <strong>Sessiedirecteur<\/strong><br>Pauline WARNOTTE, <strong>Adjunct-sessiedirecteur<\/strong><br>Cindy BIRMANN<br>Fr\u00e9d\u00e9ric CASIER<br>Christian DE COCK<br>Laurence DE GRAEVE (vervanger: H\u00e9l\u00e8ne PAQUAY)<br>Laura DE GR\u00c8VE<br>Christophe DEPREZ<br>Jan DESMET<br>Steven DEWULF (vervanger: Elise ROOSELEERS)<br>Laurence GRANDJEAN<br>St\u00e9phane KOLANOWSKI<br>Vaios KOUTROULIS<br>Louis LE HARD\u0178 DE BEAULIEU<br>Philippe MEIRE<br>Marc OFFERMANS<br>Frederik ROGIERS<br>Tom RUYS<br>Floor VAN DEN EIJNDEN <br>Jan WOUTERS<br>Matthias VANHULLEBUSCH<\/p>\n","protected":false},"excerpt":{"rendered":"<p>Alfons VANHEUSDEN, SessiedirecteurPauline WARNOTTE, Adjunct-sessiedirecteurCindy BIRMANNFr\u00e9d\u00e9ric CASIERChristian DE COCKLaurence DE GRAEVE (vervanger: H\u00e9l\u00e8ne PAQUAY)Laura DE GR\u00c8VEChristophe DEPREZJan DESMETSteven DEWULF (vervanger: Elise ROOSELEERS)Laurence GRANDJEANSt\u00e9phane KOLANOWSKIVaios KOUTROULISLouis LE HARD\u0178 DE BEAULIEUPhilippe MEIREMarc OFFERMANSFrederik ROGIERSTom RUYSFloor VAN DEN EIJNDEN Jan WOUTERSMatthias VANHULLEBUSCH<\/p>\n","protected":false},"author":1,"featured_media":0,"parent":0,"menu_order":0,"comment_status":"closed","ping_status":"closed","template":"","meta":{"footnotes":""},"class_list":["post-354","page","type-page","status-publish","hentry"],"yoast_head":"<!-- This site is optimized with the Yoast SEO plugin v24.7 - https:\/\/yoast.com\/wordpress\/plugins\/seo\/ -->\n<title>Het Wetenschappelijk Comit\u00e9 - ISMLLW-be<\/title>\n<meta name=\"robots\" content=\"index, follow, max-snippet:-1, max-image-preview:large, max-video-preview:-1\" \/>\n<link rel=\"canonical\" href=\"https:\/\/www.ismllw-be.org\/nl\/de-wetenschappelijk-comite\/\" \/>\n<meta property=\"og:locale\" content=\"nl_NL\" \/>\n<meta property=\"og:type\" content=\"article\" \/>\n<meta property=\"og:title\" content=\"Het Wetenschappelijk Comit\u00e9 - ISMLLW-be\" \/>\n<meta property=\"og:description\" content=\"Alfons VANHEUSDEN, SessiedirecteurPauline WARNOTTE, Adjunct-sessiedirecteurCindy BIRMANNFr\u00e9d\u00e9ric CASIERChristian DE COCKLaurence DE GRAEVE (vervanger: H\u00e9l\u00e8ne PAQUAY)Laura DE GR\u00c8VEChristophe DEPREZJan DESMETSteven DEWULF (vervanger: Elise ROOSELEERS)Laurence GRANDJEANSt\u00e9phane KOLANOWSKIVaios KOUTROULISLouis LE HARD\u0178 DE BEAULIEUPhilippe MEIREMarc OFFERMANSFrederik ROGIERSTom RUYSFloor VAN DEN EIJNDEN Jan WOUTERSMatthias VANHULLEBUSCH\" \/>\n<meta property=\"og:url\" content=\"https:\/\/www.ismllw-be.org\/nl\/de-wetenschappelijk-comite\/\" \/>\n<meta property=\"og:site_name\" content=\"ISMLLW-be\" \/>\n<meta property=\"article:modified_time\" content=\"2025-03-24T07:51:45+00:00\" \/>\n<meta name=\"twitter:card\" content=\"summary_large_image\" \/>\n<meta name=\"twitter:label1\" content=\"Geschatte leestijd\" \/>\n\t<meta name=\"twitter:data1\" content=\"1 minuut\" \/>\n<script type=\"application\/ld+json\" class=\"yoast-schema-graph\">{\"@context\":\"https:\/\/schema.org\",\"@graph\":[{\"@type\":\"WebPage\",\"@id\":\"https:\/\/www.ismllw-be.org\/nl\/de-wetenschappelijk-comite\/\",\"url\":\"https:\/\/www.ismllw-be.org\/nl\/de-wetenschappelijk-comite\/\",\"name\":\"Het Wetenschappelijk Comit\u00e9 - ISMLLW-be\",\"isPartOf\":{\"@id\":\"https:\/\/www.ismllw-be.org\/#website\"},\"datePublished\":\"2019-03-06T20:15:11+00:00\",\"dateModified\":\"2025-03-24T07:51:45+00:00\",\"breadcrumb\":{\"@id\":\"https:\/\/www.ismllw-be.org\/nl\/de-wetenschappelijk-comite\/#breadcrumb\"},\"inLanguage\":\"nl-NL\",\"potentialAction\":[{\"@type\":\"ReadAction\",\"target\":[\"https:\/\/www.ismllw-be.org\/nl\/de-wetenschappelijk-comite\/\"]}]},{\"@type\":\"BreadcrumbList\",\"@id\":\"https:\/\/www.ismllw-be.org\/nl\/de-wetenschappelijk-comite\/#breadcrumb\",\"itemListElement\":[{\"@type\":\"ListItem\",\"position\":1,\"name\":\"Home\",\"item\":\"https:\/\/www.ismllw-be.org\/nl\/\"},{\"@type\":\"ListItem\",\"position\":2,\"name\":\"Het Wetenschappelijk Comit\u00e9\"}]},{\"@type\":\"WebSite\",\"@id\":\"https:\/\/www.ismllw-be.org\/#website\",\"url\":\"https:\/\/www.ismllw-be.org\/\",\"name\":\"ISMLLW-be\",\"description\":\"\",\"publisher\":{\"@id\":\"https:\/\/www.ismllw-be.org\/#organization\"},\"potentialAction\":[{\"@type\":\"SearchAction\",\"target\":{\"@type\":\"EntryPoint\",\"urlTemplate\":\"https:\/\/www.ismllw-be.org\/?s={search_term_string}\"},\"query-input\":{\"@type\":\"PropertyValueSpecification\",\"valueRequired\":true,\"valueName\":\"search_term_string\"}}],\"inLanguage\":\"nl-NL\"},{\"@type\":\"Organization\",\"@id\":\"https:\/\/www.ismllw-be.org\/#organization\",\"name\":\"centre d'\u00e9tude de Droit Militaire et de Droit de la Guerre\",\"url\":\"https:\/\/www.ismllw-be.org\/\",\"logo\":{\"@type\":\"ImageObject\",\"inLanguage\":\"nl-NL\",\"@id\":\"https:\/\/www.ismllw-be.org\/#\/schema\/logo\/image\/\",\"url\":\"https:\/\/www.ismllw-be.org\/wp-content\/uploads\/2024\/11\/SEM.png\",\"contentUrl\":\"https:\/\/www.ismllw-be.org\/wp-content\/uploads\/2024\/11\/SEM.png\",\"width\":124,\"height\":121,\"caption\":\"centre d'\u00e9tude de Droit Militaire et de Droit de la Guerre\"},\"image\":{\"@id\":\"https:\/\/www.ismllw-be.org\/#\/schema\/logo\/image\/\"}}]}<\/script>\n<!-- \/ Yoast SEO plugin. -->","yoast_head_json":{"title":"Het Wetenschappelijk Comit\u00e9 - ISMLLW-be","robots":{"index":"index","follow":"follow","max-snippet":"max-snippet:-1","max-image-preview":"max-image-preview:large","max-video-preview":"max-video-preview:-1"},"canonical":"https:\/\/www.ismllw-be.org\/nl\/de-wetenschappelijk-comite\/","og_locale":"nl_NL","og_type":"article","og_title":"Het Wetenschappelijk Comit\u00e9 - ISMLLW-be","og_description":"Alfons VANHEUSDEN, SessiedirecteurPauline WARNOTTE, Adjunct-sessiedirecteurCindy BIRMANNFr\u00e9d\u00e9ric CASIERChristian DE COCKLaurence DE GRAEVE (vervanger: H\u00e9l\u00e8ne PAQUAY)Laura DE GR\u00c8VEChristophe DEPREZJan DESMETSteven DEWULF (vervanger: Elise ROOSELEERS)Laurence GRANDJEANSt\u00e9phane KOLANOWSKIVaios KOUTROULISLouis LE HARD\u0178 DE BEAULIEUPhilippe MEIREMarc OFFERMANSFrederik ROGIERSTom RUYSFloor VAN DEN EIJNDEN Jan WOUTERSMatthias VANHULLEBUSCH","og_url":"https:\/\/www.ismllw-be.org\/nl\/de-wetenschappelijk-comite\/","og_site_name":"ISMLLW-be","article_modified_time":"2025-03-24T07:51:45+00:00","twitter_card":"summary_large_image","twitter_misc":{"Geschatte leestijd":"1 minuut"},"schema":{"@context":"https:\/\/schema.org","@graph":[{"@type":"WebPage","@id":"https:\/\/www.ismllw-be.org\/nl\/de-wetenschappelijk-comite\/","url":"https:\/\/www.ismllw-be.org\/nl\/de-wetenschappelijk-comite\/","name":"Het Wetenschappelijk Comit\u00e9 - ISMLLW-be","isPartOf":{"@id":"https:\/\/www.ismllw-be.org\/#website"},"datePublished":"2019-03-06T20:15:11+00:00","dateModified":"2025-03-24T07:51:45+00:00","breadcrumb":{"@id":"https:\/\/www.ismllw-be.org\/nl\/de-wetenschappelijk-comite\/#breadcrumb"},"inLanguage":"nl-NL","potentialAction":[{"@type":"ReadAction","target":["https:\/\/www.ismllw-be.org\/nl\/de-wetenschappelijk-comite\/"]}]},{"@type":"BreadcrumbList","@id":"https:\/\/www.ismllw-be.org\/nl\/de-wetenschappelijk-comite\/#breadcrumb","itemListElement":[{"@type":"ListItem","position":1,"name":"Home","item":"https:\/\/www.ismllw-be.org\/nl\/"},{"@type":"ListItem","position":2,"name":"Het Wetenschappelijk Comit\u00e9"}]},{"@type":"WebSite","@id":"https:\/\/www.ismllw-be.org\/#website","url":"https:\/\/www.ismllw-be.org\/","name":"ISMLLW-be","description":"","publisher":{"@id":"https:\/\/www.ismllw-be.org\/#organization"},"potentialAction":[{"@type":"SearchAction","target":{"@type":"EntryPoint","urlTemplate":"https:\/\/www.ismllw-be.org\/?s={search_term_string}"},"query-input":{"@type":"PropertyValueSpecification","valueRequired":true,"valueName":"search_term_string"}}],"inLanguage":"nl-NL"},{"@type":"Organization","@id":"https:\/\/www.ismllw-be.org\/#organization","name":"centre d'\u00e9tude de Droit Militaire et de Droit de la Guerre","url":"https:\/\/www.ismllw-be.org\/","logo":{"@type":"ImageObject","inLanguage":"nl-NL","@id":"https:\/\/www.ismllw-be.org\/#\/schema\/logo\/image\/","url":"https:\/\/www.ismllw-be.org\/wp-content\/uploads\/2024\/11\/SEM.png","contentUrl":"https:\/\/www.ismllw-be.org\/wp-content\/uploads\/2024\/11\/SEM.png","width":124,"height":121,"caption":"centre d'\u00e9tude de Droit Militaire et de Droit de la Guerre"},"image":{"@id":"https:\/\/www.ismllw-be.org\/#\/schema\/logo\/image\/"}}]}},"_links":{"self":[{"href":"https:\/\/www.ismllw-be.org\/nl\/wp-json\/wp\/v2\/pages\/354\/"}],"collection":[{"href":"https:\/\/www.ismllw-be.org\/nl\/wp-json\/wp\/v2\/pages\/"}],"about":[{"href":"https:\/\/www.ismllw-be.org\/nl\/wp-json\/wp\/v2\/types\/page\/"}],"author":[{"embeddable":true,"href":"https:\/\/www.ismllw-be.org\/nl\/wp-json\/wp\/v2\/users\/1\/"}],"replies":[{"embeddable":true,"href":"https:\/\/www.ismllw-be.org\/nl\/wp-json\/wp\/v2\/comments\/?post=354"}],"version-history":[{"count":17,"href":"https:\/\/www.ismllw-be.org\/nl\/wp-json\/wp\/v2\/pages\/354\/revisions\/"}],"predecessor-version":[{"id":1772,"href":"https:\/\/www.ismllw-be.org\/nl\/wp-json\/wp\/v2\/pages\/354\/revisions\/1772\/"}],"wp:attachment":[{"href":"https:\/\/www.ismllw-be.org\/nl\/wp-json\/wp\/v2\/media\/?parent=354"}],"curies":[{"name":"wp","href":"https:\/\/api.w.org\/{rel}","templated":true}]}}