{"id":337,"date":"2019-03-06T19:57:48","date_gmt":"2019-03-06T19:57:48","guid":{"rendered":"https:\/\/www.ismllw-be.org\/?page_id=337"},"modified":"2026-01-28T14:25:37","modified_gmt":"2026-01-28T14:25:37","slug":"de-algemene-vergadering","status":"publish","type":"page","link":"https:\/\/www.ismllw-be.org\/nl\/de-algemene-vergadering\/","title":{"rendered":"De Algemene Vergadering"},"content":{"rendered":"\n<p>Ludwig VAN DER VEKEN, <strong>Voorzitter<\/strong><br>Jacques LEFEVRE, <strong>Schatbewaarder<\/strong> <br>Hanna BOURGEOIS, <strong>Secretaris<\/strong><br>Alfons VANHEUSDEN , <strong>Sessiedirecteur<\/strong> <br>Pauline WARNOTTE, <strong>Adjunct-sessiedirecteur<\/strong> <br>Vaios KOUTROULIS, <strong>Algemeen Redacteur<\/strong> <br>Tom RUYS, <strong>Algemeen Redacteur<\/strong><br>Jonas BORREMANS <br>Fr\u00e9d\u00e9ric CASIER <br>Marcel DANAU<br>Laurence DE GRAEVE<br>Laura DE GREVE<br>Luc DE MUYER<br>Erik EENAERTS<br>Martyna FALKOWSKA-CLARYS <br>Beno\u00eet HENNEAUX<br>Stanislas HORVAT<br>St\u00e9phane KOLANOWSKI<br>Marike LEFEVRE<br>Marc OFFERMANS <br>H\u00e9l\u00e8ne PAQUAY<br>Filip RABAEY<br><br><\/p>\n\n\n\n<p><\/p>\n\n\n\n<p><br> <\/p>\n","protected":false},"excerpt":{"rendered":"<p>Ludwig VAN DER VEKEN, VoorzitterJacques LEFEVRE, Schatbewaarder Hanna BOURGEOIS, SecretarisAlfons VANHEUSDEN , Sessiedirecteur Pauline WARNOTTE, Adjunct-sessiedirecteur Vaios KOUTROULIS, Algemeen Redacteur Tom RUYS, Algemeen RedacteurJonas BORREMANS Fr\u00e9d\u00e9ric CASIER Marcel DANAULaurence DE GRAEVELaura DE GREVELuc DE MUYERErik EENAERTSMartyna FALKOWSKA-CLARYS Beno\u00eet HENNEAUXStanislas HORVATSt\u00e9phane KOLANOWSKIMarike LEFEVREMarc OFFERMANS H\u00e9l\u00e8ne PAQUAYFilip RABAEY<\/p>\n","protected":false},"author":1,"featured_media":0,"parent":0,"menu_order":0,"comment_status":"closed","ping_status":"closed","template":"","meta":{"footnotes":""},"class_list":["post-337","page","type-page","status-publish","hentry"],"yoast_head":"<!-- This site is optimized with the Yoast SEO plugin v24.7 - https:\/\/yoast.com\/wordpress\/plugins\/seo\/ -->\n<title>De Algemene Vergadering - ISMLLW-be<\/title>\n<meta name=\"robots\" content=\"index, follow, max-snippet:-1, max-image-preview:large, max-video-preview:-1\" \/>\n<link rel=\"canonical\" href=\"https:\/\/www.ismllw-be.org\/nl\/de-algemene-vergadering\/\" \/>\n<meta property=\"og:locale\" content=\"nl_NL\" \/>\n<meta property=\"og:type\" content=\"article\" \/>\n<meta property=\"og:title\" content=\"De Algemene Vergadering - ISMLLW-be\" \/>\n<meta property=\"og:description\" content=\"Ludwig VAN DER VEKEN, VoorzitterJacques LEFEVRE, Schatbewaarder Hanna BOURGEOIS, SecretarisAlfons VANHEUSDEN , Sessiedirecteur Pauline WARNOTTE, Adjunct-sessiedirecteur Vaios KOUTROULIS, Algemeen Redacteur Tom RUYS, Algemeen RedacteurJonas BORREMANS Fr\u00e9d\u00e9ric CASIER Marcel DANAULaurence DE GRAEVELaura DE GREVELuc DE MUYERErik EENAERTSMartyna FALKOWSKA-CLARYS Beno\u00eet HENNEAUXStanislas HORVATSt\u00e9phane KOLANOWSKIMarike LEFEVREMarc OFFERMANS H\u00e9l\u00e8ne PAQUAYFilip RABAEY\" \/>\n<meta property=\"og:url\" content=\"https:\/\/www.ismllw-be.org\/nl\/de-algemene-vergadering\/\" \/>\n<meta property=\"og:site_name\" content=\"ISMLLW-be\" \/>\n<meta property=\"article:modified_time\" content=\"2026-01-28T14:25:37+00:00\" \/>\n<meta name=\"twitter:card\" content=\"summary_large_image\" \/>\n<meta name=\"twitter:label1\" content=\"Geschatte leestijd\" \/>\n\t<meta name=\"twitter:data1\" content=\"1 minuut\" \/>\n<script type=\"application\/ld+json\" class=\"yoast-schema-graph\">{\"@context\":\"https:\/\/schema.org\",\"@graph\":[{\"@type\":\"WebPage\",\"@id\":\"https:\/\/www.ismllw-be.org\/nl\/de-algemene-vergadering\/\",\"url\":\"https:\/\/www.ismllw-be.org\/nl\/de-algemene-vergadering\/\",\"name\":\"De Algemene Vergadering - ISMLLW-be\",\"isPartOf\":{\"@id\":\"https:\/\/www.ismllw-be.org\/#website\"},\"datePublished\":\"2019-03-06T19:57:48+00:00\",\"dateModified\":\"2026-01-28T14:25:37+00:00\",\"breadcrumb\":{\"@id\":\"https:\/\/www.ismllw-be.org\/nl\/de-algemene-vergadering\/#breadcrumb\"},\"inLanguage\":\"nl-NL\",\"potentialAction\":[{\"@type\":\"ReadAction\",\"target\":[\"https:\/\/www.ismllw-be.org\/nl\/de-algemene-vergadering\/\"]}]},{\"@type\":\"BreadcrumbList\",\"@id\":\"https:\/\/www.ismllw-be.org\/nl\/de-algemene-vergadering\/#breadcrumb\",\"itemListElement\":[{\"@type\":\"ListItem\",\"position\":1,\"name\":\"Home\",\"item\":\"https:\/\/www.ismllw-be.org\/nl\/\"},{\"@type\":\"ListItem\",\"position\":2,\"name\":\"De Algemene Vergadering\"}]},{\"@type\":\"WebSite\",\"@id\":\"https:\/\/www.ismllw-be.org\/#website\",\"url\":\"https:\/\/www.ismllw-be.org\/\",\"name\":\"ISMLLW-be\",\"description\":\"\",\"publisher\":{\"@id\":\"https:\/\/www.ismllw-be.org\/#organization\"},\"potentialAction\":[{\"@type\":\"SearchAction\",\"target\":{\"@type\":\"EntryPoint\",\"urlTemplate\":\"https:\/\/www.ismllw-be.org\/?s={search_term_string}\"},\"query-input\":{\"@type\":\"PropertyValueSpecification\",\"valueRequired\":true,\"valueName\":\"search_term_string\"}}],\"inLanguage\":\"nl-NL\"},{\"@type\":\"Organization\",\"@id\":\"https:\/\/www.ismllw-be.org\/#organization\",\"name\":\"centre d'\u00e9tude de Droit Militaire et de Droit de la Guerre\",\"url\":\"https:\/\/www.ismllw-be.org\/\",\"logo\":{\"@type\":\"ImageObject\",\"inLanguage\":\"nl-NL\",\"@id\":\"https:\/\/www.ismllw-be.org\/#\/schema\/logo\/image\/\",\"url\":\"https:\/\/www.ismllw-be.org\/wp-content\/uploads\/2024\/11\/SEM.png\",\"contentUrl\":\"https:\/\/www.ismllw-be.org\/wp-content\/uploads\/2024\/11\/SEM.png\",\"width\":124,\"height\":121,\"caption\":\"centre d'\u00e9tude de Droit Militaire et de Droit de la Guerre\"},\"image\":{\"@id\":\"https:\/\/www.ismllw-be.org\/#\/schema\/logo\/image\/\"}}]}<\/script>\n<!-- \/ Yoast SEO plugin. -->","yoast_head_json":{"title":"De Algemene Vergadering - ISMLLW-be","robots":{"index":"index","follow":"follow","max-snippet":"max-snippet:-1","max-image-preview":"max-image-preview:large","max-video-preview":"max-video-preview:-1"},"canonical":"https:\/\/www.ismllw-be.org\/nl\/de-algemene-vergadering\/","og_locale":"nl_NL","og_type":"article","og_title":"De Algemene Vergadering - ISMLLW-be","og_description":"Ludwig VAN DER VEKEN, VoorzitterJacques LEFEVRE, Schatbewaarder Hanna BOURGEOIS, SecretarisAlfons VANHEUSDEN , Sessiedirecteur Pauline WARNOTTE, Adjunct-sessiedirecteur Vaios KOUTROULIS, Algemeen Redacteur Tom RUYS, Algemeen RedacteurJonas BORREMANS Fr\u00e9d\u00e9ric CASIER Marcel DANAULaurence DE GRAEVELaura DE GREVELuc DE MUYERErik EENAERTSMartyna FALKOWSKA-CLARYS Beno\u00eet HENNEAUXStanislas HORVATSt\u00e9phane KOLANOWSKIMarike LEFEVREMarc OFFERMANS H\u00e9l\u00e8ne PAQUAYFilip RABAEY","og_url":"https:\/\/www.ismllw-be.org\/nl\/de-algemene-vergadering\/","og_site_name":"ISMLLW-be","article_modified_time":"2026-01-28T14:25:37+00:00","twitter_card":"summary_large_image","twitter_misc":{"Geschatte leestijd":"1 minuut"},"schema":{"@context":"https:\/\/schema.org","@graph":[{"@type":"WebPage","@id":"https:\/\/www.ismllw-be.org\/nl\/de-algemene-vergadering\/","url":"https:\/\/www.ismllw-be.org\/nl\/de-algemene-vergadering\/","name":"De Algemene Vergadering - ISMLLW-be","isPartOf":{"@id":"https:\/\/www.ismllw-be.org\/#website"},"datePublished":"2019-03-06T19:57:48+00:00","dateModified":"2026-01-28T14:25:37+00:00","breadcrumb":{"@id":"https:\/\/www.ismllw-be.org\/nl\/de-algemene-vergadering\/#breadcrumb"},"inLanguage":"nl-NL","potentialAction":[{"@type":"ReadAction","target":["https:\/\/www.ismllw-be.org\/nl\/de-algemene-vergadering\/"]}]},{"@type":"BreadcrumbList","@id":"https:\/\/www.ismllw-be.org\/nl\/de-algemene-vergadering\/#breadcrumb","itemListElement":[{"@type":"ListItem","position":1,"name":"Home","item":"https:\/\/www.ismllw-be.org\/nl\/"},{"@type":"ListItem","position":2,"name":"De Algemene Vergadering"}]},{"@type":"WebSite","@id":"https:\/\/www.ismllw-be.org\/#website","url":"https:\/\/www.ismllw-be.org\/","name":"ISMLLW-be","description":"","publisher":{"@id":"https:\/\/www.ismllw-be.org\/#organization"},"potentialAction":[{"@type":"SearchAction","target":{"@type":"EntryPoint","urlTemplate":"https:\/\/www.ismllw-be.org\/?s={search_term_string}"},"query-input":{"@type":"PropertyValueSpecification","valueRequired":true,"valueName":"search_term_string"}}],"inLanguage":"nl-NL"},{"@type":"Organization","@id":"https:\/\/www.ismllw-be.org\/#organization","name":"centre d'\u00e9tude de Droit Militaire et de Droit de la Guerre","url":"https:\/\/www.ismllw-be.org\/","logo":{"@type":"ImageObject","inLanguage":"nl-NL","@id":"https:\/\/www.ismllw-be.org\/#\/schema\/logo\/image\/","url":"https:\/\/www.ismllw-be.org\/wp-content\/uploads\/2024\/11\/SEM.png","contentUrl":"https:\/\/www.ismllw-be.org\/wp-content\/uploads\/2024\/11\/SEM.png","width":124,"height":121,"caption":"centre d'\u00e9tude de Droit Militaire et de Droit de la Guerre"},"image":{"@id":"https:\/\/www.ismllw-be.org\/#\/schema\/logo\/image\/"}}]}},"_links":{"self":[{"href":"https:\/\/www.ismllw-be.org\/nl\/wp-json\/wp\/v2\/pages\/337\/"}],"collection":[{"href":"https:\/\/www.ismllw-be.org\/nl\/wp-json\/wp\/v2\/pages\/"}],"about":[{"href":"https:\/\/www.ismllw-be.org\/nl\/wp-json\/wp\/v2\/types\/page\/"}],"author":[{"embeddable":true,"href":"https:\/\/www.ismllw-be.org\/nl\/wp-json\/wp\/v2\/users\/1\/"}],"replies":[{"embeddable":true,"href":"https:\/\/www.ismllw-be.org\/nl\/wp-json\/wp\/v2\/comments\/?post=337"}],"version-history":[{"count":23,"href":"https:\/\/www.ismllw-be.org\/nl\/wp-json\/wp\/v2\/pages\/337\/revisions\/"}],"predecessor-version":[{"id":2270,"href":"https:\/\/www.ismllw-be.org\/nl\/wp-json\/wp\/v2\/pages\/337\/revisions\/2270\/"}],"wp:attachment":[{"href":"https:\/\/www.ismllw-be.org\/nl\/wp-json\/wp\/v2\/media\/?parent=337"}],"curies":[{"name":"wp","href":"https:\/\/api.w.org\/{rel}","templated":true}]}}